{"id":21,"date":"2019-12-30T09:00:33","date_gmt":"2019-12-30T02:00:33","guid":{"rendered":"http:\/\/fashion3.muathemewordpress.net\/?page_id=21"},"modified":"2019-12-30T22:20:10","modified_gmt":"2019-12-30T15:20:10","slug":"he-thong-cua-hang","status":"publish","type":"page","link":"https:\/\/webthoitrang6.vidoweb.vn\/?page_id=21","title":{"rendered":"H\u1ec7 th\u1ed1ng c\u1eeda h\u00e0ng"},"content":{"rendered":"<div class=\"row\"  id=\"row-1287020238\">\n\n\t<div id=\"col-1471717718\" class=\"col small-12 large-12\"  >\n\t\t\t\t<div class=\"col-inner\"  >\n\t\t\t\n\t\t\t\n<div class=\"container section-title-container\" ><h2 class=\"section-title section-title-center\"><b><\/b><span class=\"section-title-main\" >H\u1ec7 th\u1ed1ng c\u1eeda h\u00e0ng tr\u00ean to\u00e0n qu\u1ed1c<\/span><b><\/b><\/h2><\/div>\n\t\t<\/div>\n\t\t\t\t\t<\/div>\n\n\t\n\n\t<div id=\"col-2128183022\" class=\"col medium-6 small-12 large-6\"  >\n\t\t\t\t<div class=\"col-inner\"  >\n\t\t\t\n\t\t\t\n\t<div id=\"gap-1363076812\" class=\"gap-element clearfix\" style=\"display:block; height:auto;\">\n\t\t\n<style>\n#gap-1363076812 {\n  padding-top: 128px;\n}\n<\/style>\n\t<\/div>\n\t\n<h3><span style=\"font-size: 90%;\">C\u00d4NG TY C\u1ed4 PH\u1ea6N TH\u1edcI TRANG LIBERTY WINGS<\/span><\/h3>\n<ul>\n<li><span style=\"font-size: 90%;\">V\u0103n ph\u00f2ng: 258 Ph\u1ed1 Hu\u1ebf &#8211; Hai B\u00e0 Tr\u01b0ng &#8211; H\u00e0 N\u1ed9i<\/span><\/li>\n<li><span style=\"font-size: 90%;\">Hotline: (024) 66.828.666<\/span><\/li>\n<\/ul>\n<h3><span style=\"font-size: 90%;\">H\u00c0 N\u1ed8I<\/span><\/h3>\n<ul>\n<li><span style=\"font-size: 90%;\">307 \u0110\u00ea La Th\u00e0nh &#8211; \u0110\u1ed1ng \u0110a &#8211; H\u00e0 N\u1ed9i\u00a0\u00a00815.121.666<\/span><\/li>\n<li><span style=\"font-size: 90%;\">258 Ph\u1ed1 Hu\u1ebf &#8211; Hai B\u00e0 Tr\u01b0ng &#8211; H\u00e0 N\u1ed9i (024) 66.828.666<\/span><\/li>\n<li><span style=\"font-size: 90%;\">106 C\u1ea7u Gi\u1ea5y &#8211; Qu\u1eadn C\u1ea7u Gi\u1ea5y &#8211; H\u00e0 N\u1ed9i\u00a00856.121.666<\/span><\/li>\n<\/ul>\n<h3><span style=\"font-size: 90%;\">H\u1ed2 CH\u00cd MINH ( RE &#8211; OPENING )<\/span><\/h3>\n<ul>\n<li><span style=\"font-size: 90%;\">Qu\u1eadn 1 &#8211; Tp H\u1ed3 Ch\u00ed Minh<\/span><\/li>\n<\/ul>\n<h3><span style=\"font-size: 90%;\">L\u1ea0NG S\u01a0N<\/span><\/h3>\n<ul>\n<li><span style=\"font-size: 90%;\">270A B\u00e0 Tri\u1ec7u &#8211; Tp. L\u1ea1ng S\u01a1n<\/span><\/li>\n<\/ul>\n\t\t<\/div>\n\t\t\t\t\t<\/div>\n\n\t\n\n\t<div id=\"col-690572643\" class=\"col medium-6 small-12 large-6\"  >\n\t\t\t\t<div class=\"col-inner\"  >\n\t\t\t\n\t\t\t\n\t<div class=\"img has-hover x md-x lg-x y md-y lg-y\" id=\"image_917503446\">\n\t\t\t\t\t\t\t\t<div class=\"img-inner dark\" >\n\t\t\t<img loading=\"lazy\" decoding=\"async\" width=\"699\" height=\"887\" src=\"https:\/\/webthoitrang6.vidoweb.vn\/wp-content\/uploads\/2019\/12\/he-thong-showroom.jpg\" class=\"attachment-original size-original\" alt=\"\" srcset=\"https:\/\/webthoitrang6.vidoweb.vn\/wp-content\/uploads\/2019\/12\/he-thong-showroom.jpg 699w, https:\/\/webthoitrang6.vidoweb.vn\/wp-content\/uploads\/2019\/12\/he-thong-showroom-510x647.jpg 510w, https:\/\/webthoitrang6.vidoweb.vn\/wp-content\/uploads\/2019\/12\/he-thong-showroom-236x300.jpg 236w\" sizes=\"auto, (max-width: 699px) 100vw, 699px\" \/>\t\t\t\t\t\t\n\t\t\t\t\t<\/div>\n\t\t\t\t\t\t\t\t\n<style>\n#image_917503446 {\n  width: 100%;\n}\n<\/style>\n\t<\/div>\n\t\n\t\t<\/div>\n\t\t\t\t\t<\/div>\n\n\t\n<\/div>\n","protected":false},"excerpt":{"rendered":"","protected":false},"author":1,"featured_media":0,"parent":0,"menu_order":0,"comment_status":"closed","ping_status":"closed","template":"page-blank-title-center.php","meta":{"footnotes":""},"class_list":["post-21","page","type-page","status-publish","hentry"],"yoast_head":"<!-- This site is optimized with the Yoast SEO plugin v25.7 - https:\/\/yoast.com\/wordpress\/plugins\/seo\/ -->\n<title>H\u1ec7 th\u1ed1ng c\u1eeda h\u00e0ng - Th\u1eddi Trang 06<\/title>\n<meta name=\"robots\" content=\"noindex, follow, max-snippet:-1, max-image-preview:large, max-video-preview:-1\" \/>\n<meta property=\"og:locale\" content=\"vi_VN\" \/>\n<meta property=\"og:type\" content=\"article\" \/>\n<meta property=\"og:title\" content=\"H\u1ec7 th\u1ed1ng c\u1eeda h\u00e0ng - Th\u1eddi Trang 06\" \/>\n<meta property=\"og:url\" content=\"https:\/\/webthoitrang6.vidoweb.vn\/?page_id=21\" \/>\n<meta property=\"og:site_name\" content=\"Th\u1eddi Trang 06\" \/>\n<meta property=\"article:modified_time\" content=\"2019-12-30T15:20:10+00:00\" \/>\n<meta name=\"twitter:card\" content=\"summary_large_image\" \/>\n<meta name=\"twitter:label1\" content=\"\u01af\u1edbc t\u00ednh th\u1eddi gian \u0111\u1ecdc\" \/>\n\t<meta name=\"twitter:data1\" content=\"1 ph\u00fat\" \/>\n<script type=\"application\/ld+json\" class=\"yoast-schema-graph\">{\"@context\":\"https:\/\/schema.org\",\"@graph\":[{\"@type\":\"WebPage\",\"@id\":\"https:\/\/webthoitrang6.vidoweb.vn\/?page_id=21\",\"url\":\"https:\/\/webthoitrang6.vidoweb.vn\/?page_id=21\",\"name\":\"H\u1ec7 th\u1ed1ng c\u1eeda h\u00e0ng - Th\u1eddi Trang 06\",\"isPartOf\":{\"@id\":\"https:\/\/webthoitrang6.vidoweb.vn\/#website\"},\"datePublished\":\"2019-12-30T02:00:33+00:00\",\"dateModified\":\"2019-12-30T15:20:10+00:00\",\"breadcrumb\":{\"@id\":\"https:\/\/webthoitrang6.vidoweb.vn\/?page_id=21#breadcrumb\"},\"inLanguage\":\"vi\",\"potentialAction\":[{\"@type\":\"ReadAction\",\"target\":[\"https:\/\/webthoitrang6.vidoweb.vn\/?page_id=21\"]}]},{\"@type\":\"BreadcrumbList\",\"@id\":\"https:\/\/webthoitrang6.vidoweb.vn\/?page_id=21#breadcrumb\",\"itemListElement\":[{\"@type\":\"ListItem\",\"position\":1,\"name\":\"Trang ch\u1ee7\",\"item\":\"https:\/\/webthoitrang6.vidoweb.vn\/\"},{\"@type\":\"ListItem\",\"position\":2,\"name\":\"H\u1ec7 th\u1ed1ng c\u1eeda h\u00e0ng\"}]},{\"@type\":\"WebSite\",\"@id\":\"https:\/\/webthoitrang6.vidoweb.vn\/#website\",\"url\":\"https:\/\/webthoitrang6.vidoweb.vn\/\",\"name\":\"Th\u1eddi Trang 06\",\"description\":\"\",\"potentialAction\":[{\"@type\":\"SearchAction\",\"target\":{\"@type\":\"EntryPoint\",\"urlTemplate\":\"https:\/\/webthoitrang6.vidoweb.vn\/?s={search_term_string}\"},\"query-input\":{\"@type\":\"PropertyValueSpecification\",\"valueRequired\":true,\"valueName\":\"search_term_string\"}}],\"inLanguage\":\"vi\"}]}<\/script>\n<!-- \/ Yoast SEO plugin. -->","yoast_head_json":{"title":"H\u1ec7 th\u1ed1ng c\u1eeda h\u00e0ng - Th\u1eddi Trang 06","robots":{"index":"noindex","follow":"follow","max-snippet":"max-snippet:-1","max-image-preview":"max-image-preview:large","max-video-preview":"max-video-preview:-1"},"og_locale":"vi_VN","og_type":"article","og_title":"H\u1ec7 th\u1ed1ng c\u1eeda h\u00e0ng - Th\u1eddi Trang 06","og_url":"https:\/\/webthoitrang6.vidoweb.vn\/?page_id=21","og_site_name":"Th\u1eddi Trang 06","article_modified_time":"2019-12-30T15:20:10+00:00","twitter_card":"summary_large_image","twitter_misc":{"\u01af\u1edbc t\u00ednh th\u1eddi gian \u0111\u1ecdc":"1 ph\u00fat"},"schema":{"@context":"https:\/\/schema.org","@graph":[{"@type":"WebPage","@id":"https:\/\/webthoitrang6.vidoweb.vn\/?page_id=21","url":"https:\/\/webthoitrang6.vidoweb.vn\/?page_id=21","name":"H\u1ec7 th\u1ed1ng c\u1eeda h\u00e0ng - Th\u1eddi Trang 06","isPartOf":{"@id":"https:\/\/webthoitrang6.vidoweb.vn\/#website"},"datePublished":"2019-12-30T02:00:33+00:00","dateModified":"2019-12-30T15:20:10+00:00","breadcrumb":{"@id":"https:\/\/webthoitrang6.vidoweb.vn\/?page_id=21#breadcrumb"},"inLanguage":"vi","potentialAction":[{"@type":"ReadAction","target":["https:\/\/webthoitrang6.vidoweb.vn\/?page_id=21"]}]},{"@type":"BreadcrumbList","@id":"https:\/\/webthoitrang6.vidoweb.vn\/?page_id=21#breadcrumb","itemListElement":[{"@type":"ListItem","position":1,"name":"Trang ch\u1ee7","item":"https:\/\/webthoitrang6.vidoweb.vn\/"},{"@type":"ListItem","position":2,"name":"H\u1ec7 th\u1ed1ng c\u1eeda h\u00e0ng"}]},{"@type":"WebSite","@id":"https:\/\/webthoitrang6.vidoweb.vn\/#website","url":"https:\/\/webthoitrang6.vidoweb.vn\/","name":"Th\u1eddi Trang 06","description":"","potentialAction":[{"@type":"SearchAction","target":{"@type":"EntryPoint","urlTemplate":"https:\/\/webthoitrang6.vidoweb.vn\/?s={search_term_string}"},"query-input":{"@type":"PropertyValueSpecification","valueRequired":true,"valueName":"search_term_string"}}],"inLanguage":"vi"}]}},"_links":{"self":[{"href":"https:\/\/webthoitrang6.vidoweb.vn\/index.php?rest_route=\/wp\/v2\/pages\/21","targetHints":{"allow":["GET"]}}],"collection":[{"href":"https:\/\/webthoitrang6.vidoweb.vn\/index.php?rest_route=\/wp\/v2\/pages"}],"about":[{"href":"https:\/\/webthoitrang6.vidoweb.vn\/index.php?rest_route=\/wp\/v2\/types\/page"}],"author":[{"embeddable":true,"href":"https:\/\/webthoitrang6.vidoweb.vn\/index.php?rest_route=\/wp\/v2\/users\/1"}],"replies":[{"embeddable":true,"href":"https:\/\/webthoitrang6.vidoweb.vn\/index.php?rest_route=%2Fwp%2Fv2%2Fcomments&post=21"}],"version-history":[{"count":0,"href":"https:\/\/webthoitrang6.vidoweb.vn\/index.php?rest_route=\/wp\/v2\/pages\/21\/revisions"}],"wp:attachment":[{"href":"https:\/\/webthoitrang6.vidoweb.vn\/index.php?rest_route=%2Fwp%2Fv2%2Fmedia&parent=21"}],"curies":[{"name":"wp","href":"https:\/\/api.w.org\/{rel}","templated":true}]}}