{"id":28,"date":"2019-12-30T09:01:53","date_gmt":"2019-12-30T02:01:53","guid":{"rendered":"http:\/\/fashion3.muathemewordpress.net\/?page_id=28"},"modified":"2019-12-30T22:16:56","modified_gmt":"2019-12-30T15:16:56","slug":"chinh-sach-doi-tra-hang","status":"publish","type":"page","link":"https:\/\/webthoitrang6.vidoweb.vn\/?page_id=28","title":{"rendered":"Ch\u00ednh s\u00e1ch \u0111\u1ed5i tr\u1ea3 h\u00e0ng"},"content":{"rendered":"<p>N\u1ed9i dung \u0111ang c\u1eadp nh\u1eadt\u2026<\/p>\n","protected":false},"excerpt":{"rendered":"<p>N\u1ed9i dung \u0111ang c\u1eadp nh\u1eadt\u2026<\/p>\n","protected":false},"author":1,"featured_media":0,"parent":0,"menu_order":0,"comment_status":"closed","ping_status":"closed","template":"page-blank-title-center.php","meta":{"footnotes":""},"class_list":["post-28","page","type-page","status-publish","hentry"],"yoast_head":"<!-- This site is optimized with the Yoast SEO plugin v25.7 - https:\/\/yoast.com\/wordpress\/plugins\/seo\/ -->\n<title>Ch\u00ednh s\u00e1ch \u0111\u1ed5i tr\u1ea3 h\u00e0ng - Th\u1eddi Trang 06<\/title>\n<meta name=\"robots\" content=\"noindex, follow, max-snippet:-1, max-image-preview:large, max-video-preview:-1\" \/>\n<meta property=\"og:locale\" content=\"vi_VN\" \/>\n<meta property=\"og:type\" content=\"article\" \/>\n<meta property=\"og:title\" content=\"Ch\u00ednh s\u00e1ch \u0111\u1ed5i tr\u1ea3 h\u00e0ng - Th\u1eddi Trang 06\" \/>\n<meta property=\"og:description\" content=\"N\u1ed9i dung \u0111ang c\u1eadp nh\u1eadt\u2026\" \/>\n<meta property=\"og:url\" content=\"https:\/\/webthoitrang6.vidoweb.vn\/?page_id=28\" \/>\n<meta property=\"og:site_name\" content=\"Th\u1eddi Trang 06\" \/>\n<meta property=\"article:modified_time\" content=\"2019-12-30T15:16:56+00:00\" \/>\n<meta name=\"twitter:card\" content=\"summary_large_image\" \/>\n<script type=\"application\/ld+json\" class=\"yoast-schema-graph\">{\"@context\":\"https:\/\/schema.org\",\"@graph\":[{\"@type\":\"WebPage\",\"@id\":\"https:\/\/webthoitrang6.vidoweb.vn\/?page_id=28\",\"url\":\"https:\/\/webthoitrang6.vidoweb.vn\/?page_id=28\",\"name\":\"Ch\u00ednh s\u00e1ch \u0111\u1ed5i tr\u1ea3 h\u00e0ng - Th\u1eddi Trang 06\",\"isPartOf\":{\"@id\":\"https:\/\/webthoitrang6.vidoweb.vn\/#website\"},\"datePublished\":\"2019-12-30T02:01:53+00:00\",\"dateModified\":\"2019-12-30T15:16:56+00:00\",\"breadcrumb\":{\"@id\":\"https:\/\/webthoitrang6.vidoweb.vn\/?page_id=28#breadcrumb\"},\"inLanguage\":\"vi\",\"potentialAction\":[{\"@type\":\"ReadAction\",\"target\":[\"https:\/\/webthoitrang6.vidoweb.vn\/?page_id=28\"]}]},{\"@type\":\"BreadcrumbList\",\"@id\":\"https:\/\/webthoitrang6.vidoweb.vn\/?page_id=28#breadcrumb\",\"itemListElement\":[{\"@type\":\"ListItem\",\"position\":1,\"name\":\"Trang ch\u1ee7\",\"item\":\"https:\/\/webthoitrang6.vidoweb.vn\/\"},{\"@type\":\"ListItem\",\"position\":2,\"name\":\"Ch\u00ednh s\u00e1ch \u0111\u1ed5i tr\u1ea3 h\u00e0ng\"}]},{\"@type\":\"WebSite\",\"@id\":\"https:\/\/webthoitrang6.vidoweb.vn\/#website\",\"url\":\"https:\/\/webthoitrang6.vidoweb.vn\/\",\"name\":\"Th\u1eddi Trang 06\",\"description\":\"\",\"potentialAction\":[{\"@type\":\"SearchAction\",\"target\":{\"@type\":\"EntryPoint\",\"urlTemplate\":\"https:\/\/webthoitrang6.vidoweb.vn\/?s={search_term_string}\"},\"query-input\":{\"@type\":\"PropertyValueSpecification\",\"valueRequired\":true,\"valueName\":\"search_term_string\"}}],\"inLanguage\":\"vi\"}]}<\/script>\n<!-- \/ Yoast SEO plugin. -->","yoast_head_json":{"title":"Ch\u00ednh s\u00e1ch \u0111\u1ed5i tr\u1ea3 h\u00e0ng - Th\u1eddi Trang 06","robots":{"index":"noindex","follow":"follow","max-snippet":"max-snippet:-1","max-image-preview":"max-image-preview:large","max-video-preview":"max-video-preview:-1"},"og_locale":"vi_VN","og_type":"article","og_title":"Ch\u00ednh s\u00e1ch \u0111\u1ed5i tr\u1ea3 h\u00e0ng - Th\u1eddi Trang 06","og_description":"N\u1ed9i dung \u0111ang c\u1eadp nh\u1eadt\u2026","og_url":"https:\/\/webthoitrang6.vidoweb.vn\/?page_id=28","og_site_name":"Th\u1eddi Trang 06","article_modified_time":"2019-12-30T15:16:56+00:00","twitter_card":"summary_large_image","schema":{"@context":"https:\/\/schema.org","@graph":[{"@type":"WebPage","@id":"https:\/\/webthoitrang6.vidoweb.vn\/?page_id=28","url":"https:\/\/webthoitrang6.vidoweb.vn\/?page_id=28","name":"Ch\u00ednh s\u00e1ch \u0111\u1ed5i tr\u1ea3 h\u00e0ng - Th\u1eddi Trang 06","isPartOf":{"@id":"https:\/\/webthoitrang6.vidoweb.vn\/#website"},"datePublished":"2019-12-30T02:01:53+00:00","dateModified":"2019-12-30T15:16:56+00:00","breadcrumb":{"@id":"https:\/\/webthoitrang6.vidoweb.vn\/?page_id=28#breadcrumb"},"inLanguage":"vi","potentialAction":[{"@type":"ReadAction","target":["https:\/\/webthoitrang6.vidoweb.vn\/?page_id=28"]}]},{"@type":"BreadcrumbList","@id":"https:\/\/webthoitrang6.vidoweb.vn\/?page_id=28#breadcrumb","itemListElement":[{"@type":"ListItem","position":1,"name":"Trang ch\u1ee7","item":"https:\/\/webthoitrang6.vidoweb.vn\/"},{"@type":"ListItem","position":2,"name":"Ch\u00ednh s\u00e1ch \u0111\u1ed5i tr\u1ea3 h\u00e0ng"}]},{"@type":"WebSite","@id":"https:\/\/webthoitrang6.vidoweb.vn\/#website","url":"https:\/\/webthoitrang6.vidoweb.vn\/","name":"Th\u1eddi Trang 06","description":"","potentialAction":[{"@type":"SearchAction","target":{"@type":"EntryPoint","urlTemplate":"https:\/\/webthoitrang6.vidoweb.vn\/?s={search_term_string}"},"query-input":{"@type":"PropertyValueSpecification","valueRequired":true,"valueName":"search_term_string"}}],"inLanguage":"vi"}]}},"_links":{"self":[{"href":"https:\/\/webthoitrang6.vidoweb.vn\/index.php?rest_route=\/wp\/v2\/pages\/28","targetHints":{"allow":["GET"]}}],"collection":[{"href":"https:\/\/webthoitrang6.vidoweb.vn\/index.php?rest_route=\/wp\/v2\/pages"}],"about":[{"href":"https:\/\/webthoitrang6.vidoweb.vn\/index.php?rest_route=\/wp\/v2\/types\/page"}],"author":[{"embeddable":true,"href":"https:\/\/webthoitrang6.vidoweb.vn\/index.php?rest_route=\/wp\/v2\/users\/1"}],"replies":[{"embeddable":true,"href":"https:\/\/webthoitrang6.vidoweb.vn\/index.php?rest_route=%2Fwp%2Fv2%2Fcomments&post=28"}],"version-history":[{"count":0,"href":"https:\/\/webthoitrang6.vidoweb.vn\/index.php?rest_route=\/wp\/v2\/pages\/28\/revisions"}],"wp:attachment":[{"href":"https:\/\/webthoitrang6.vidoweb.vn\/index.php?rest_route=%2Fwp%2Fv2%2Fmedia&parent=28"}],"curies":[{"name":"wp","href":"https:\/\/api.w.org\/{rel}","templated":true}]}}